{"id":4686,"date":"2026-02-14T09:07:41","date_gmt":"2026-02-14T12:07:41","guid":{"rendered":"https:\/\/marcai.com.br\/catalogo\/?post_type=product&#038;p=4686"},"modified":"2026-02-14T09:07:42","modified_gmt":"2026-02-14T12:07:42","slug":"desviador-universal","status":"publish","type":"product","link":"https:\/\/marcai.com.br\/catalogo\/produto\/desviador-universal\/","title":{"rendered":"Desviador universal"},"content":{"rendered":"<h3 data-path-to-node=\"3\"><b data-path-to-node=\"3\" data-index-in-node=\"0\">Lista de Desviadores UNIVERSAL<\/b><\/h3>\n<ul data-path-to-node=\"4\">\n<li>\n<p data-path-to-node=\"4,0,0\"><b data-path-to-node=\"4,0,0\" data-index-in-node=\"0\">DCB &#8211; Branco<\/b><\/p>\n<ul data-path-to-node=\"4,0,1\">\n<li>\n<p data-path-to-node=\"4,0,1,0,0\">NCM: <b data-path-to-node=\"4,0,1,0,0\" data-index-in-node=\"5\">9405.19.90<\/b><\/p>\n<\/li>\n<li>\n<p data-path-to-node=\"4,0,1,1,0\">C\u00f3d. Barras: 7898112190404<\/p>\n<\/li>\n<\/ul>\n<\/li>\n<li>\n<p data-path-to-node=\"4,1,0\"><b data-path-to-node=\"4,1,0\" data-index-in-node=\"0\">DCP &#8211; Preto<\/b><\/p>\n<ul data-path-to-node=\"4,1,1\">\n<li>\n<p data-path-to-node=\"4,1,1,0,0\">NCM: <b data-path-to-node=\"4,1,1,0,0\" data-index-in-node=\"5\">9405.19.90<\/b><\/p>\n<\/li>\n<li>\n<p data-path-to-node=\"4,1,1,1,0\">C\u00f3d. Barras: 7898112190350<\/p>\n<\/li>\n<\/ul>\n<\/li>\n<li>\n<p data-path-to-node=\"4,2,0\"><b data-path-to-node=\"4,2,0\" data-index-in-node=\"0\">DCC &#8211; Cromado<\/b><\/p>\n<ul data-path-to-node=\"4,2,1\">\n<li>\n<p data-path-to-node=\"4,2,1,0,0\">NCM: <b data-path-to-node=\"4,2,1,0,0\" data-index-in-node=\"5\">9405.19.90<\/b><\/p>\n<\/li>\n<li>\n<p data-path-to-node=\"4,2,1,1,0\">C\u00f3d. Barras: 7898112190329<\/p>\n<\/li>\n<\/ul>\n<\/li>\n<li>\n<p data-path-to-node=\"4,3,0\"><b data-path-to-node=\"4,3,0\" data-index-in-node=\"0\">DCD &#8211; Dourado<\/b><\/p>\n<ul data-path-to-node=\"4,3,1\">\n<li>\n<p data-path-to-node=\"4,3,1,0,0\">NCM: <b data-path-to-node=\"4,3,1,0,0\" data-index-in-node=\"5\">9405.19.90<\/b><\/p>\n<\/li>\n<li>\n<p data-path-to-node=\"4,3,1,1,0\">C\u00f3d. Barras: 7898112190336<\/p>\n<\/li>\n<\/ul>\n<\/li>\n<\/ul>\n","protected":false},"excerpt":{"rendered":"<p>Lista de Desviadores UNIVERSAL DCB &#8211; Branco NCM: 9405.19.90 C\u00f3d. Barras: 7898112190404 DCP &#8211; Preto NCM: 9405.19.90 C\u00f3d. Barras: 7898112190350 DCC &#8211; Cromado NCM: 9405.19.90 C\u00f3d. Barras: 7898112190329 DCD &#8211; Dourado NCM: 9405.19.90 C\u00f3d. Barras: 7898112190336<\/p>\n","protected":false},"featured_media":4687,"template":"","meta":[],"product_brand":[],"product_cat":[338,15],"product_tag":[390,393,392,391,144],"class_list":{"0":"post-4686","1":"product","2":"type-product","3":"status-publish","4":"has-post-thumbnail","6":"product_cat-desviador-universal","7":"product_cat-marcai","8":"product_tag-desviador","9":"product_tag-desviador-de-fio","10":"product_tag-desviador-marcai","11":"product_tag-desviador-universal","12":"product_tag-fio","14":"first","15":"instock","16":"shipping-taxable","17":"product-type-simple"},"_links":{"self":[{"href":"https:\/\/marcai.com.br\/catalogo\/wp-json\/wp\/v2\/product\/4686","targetHints":{"allow":["GET"]}}],"collection":[{"href":"https:\/\/marcai.com.br\/catalogo\/wp-json\/wp\/v2\/product"}],"about":[{"href":"https:\/\/marcai.com.br\/catalogo\/wp-json\/wp\/v2\/types\/product"}],"wp:featuredmedia":[{"embeddable":true,"href":"https:\/\/marcai.com.br\/catalogo\/wp-json\/wp\/v2\/media\/4687"}],"wp:attachment":[{"href":"https:\/\/marcai.com.br\/catalogo\/wp-json\/wp\/v2\/media?parent=4686"}],"wp:term":[{"taxonomy":"product_brand","embeddable":true,"href":"https:\/\/marcai.com.br\/catalogo\/wp-json\/wp\/v2\/product_brand?post=4686"},{"taxonomy":"product_cat","embeddable":true,"href":"https:\/\/marcai.com.br\/catalogo\/wp-json\/wp\/v2\/product_cat?post=4686"},{"taxonomy":"product_tag","embeddable":true,"href":"https:\/\/marcai.com.br\/catalogo\/wp-json\/wp\/v2\/product_tag?post=4686"}],"curies":[{"name":"wp","href":"https:\/\/api.w.org\/{rel}","templated":true}]}}