{"id":4690,"date":"2026-02-14T09:21:06","date_gmt":"2026-02-14T12:21:06","guid":{"rendered":"https:\/\/marcai.com.br\/catalogo\/?post_type=product&#038;p=4690"},"modified":"2026-02-14T09:21:07","modified_gmt":"2026-02-14T12:21:07","slug":"pendente-popy","status":"publish","type":"product","link":"https:\/\/marcai.com.br\/catalogo\/produto\/pendente-popy\/","title":{"rendered":"Pendente Popy"},"content":{"rendered":"<h3 data-path-to-node=\"3\"><b data-path-to-node=\"3\" data-index-in-node=\"0\">Pendente Popy 1 Lamp. C\/ Soquete &#8211; Preto<\/b><\/h3>\n<ul data-path-to-node=\"4\">\n<li>\n<p data-path-to-node=\"4,0,0\"><b data-path-to-node=\"4,0,0\" data-index-in-node=\"0\">C\u00f3digo:<\/b> PEND 1 PR<\/p>\n<\/li>\n<li>\n<p data-path-to-node=\"4,1,0\"><b data-path-to-node=\"4,1,0\" data-index-in-node=\"0\">NCM:<\/b> 9405.19.90<\/p>\n<\/li>\n<li>\n<p data-path-to-node=\"4,2,0\"><b data-path-to-node=\"4,2,0\" data-index-in-node=\"0\">C\u00f3digo de Barras:<\/b> 7898112194464<\/p>\n<\/li>\n<li>\n<p data-path-to-node=\"4,3,0\"><b data-path-to-node=\"4,3,0\" data-index-in-node=\"0\">Unidade:<\/b> Unit\u00e1rio<\/p>\n<\/li>\n<\/ul>\n<h3 data-path-to-node=\"5\"><b data-path-to-node=\"5\" data-index-in-node=\"0\">Pendente Popy 1 Lamp. C\/ Soquete &#8211; Branco<\/b><\/h3>\n<ul data-path-to-node=\"6\">\n<li>\n<p data-path-to-node=\"6,0,0\"><b data-path-to-node=\"6,0,0\" data-index-in-node=\"0\">C\u00f3digo:<\/b> PEND 1 BR<\/p>\n<\/li>\n<li>\n<p data-path-to-node=\"6,1,0\"><b data-path-to-node=\"6,1,0\" data-index-in-node=\"0\">NCM:<\/b> 9405.19.90<\/p>\n<\/li>\n<li>\n<p data-path-to-node=\"6,2,0\"><b data-path-to-node=\"6,2,0\" data-index-in-node=\"0\">C\u00f3digo de Barras:<\/b> 7898112194457<\/p>\n<\/li>\n<li>\n<p data-path-to-node=\"6,3,0\"><b data-path-to-node=\"6,3,0\" data-index-in-node=\"0\">Unidade:<\/b> Unit\u00e1rio<\/p>\n<\/li>\n<\/ul>\n","protected":false},"excerpt":{"rendered":"<p>Pendente Popy 1 Lamp. C\/ Soquete &#8211; Preto C\u00f3digo: PEND 1 PR NCM: 9405.19.90 C\u00f3digo de Barras: 7898112194464 Unidade: Unit\u00e1rio Pendente Popy 1 Lamp. C\/ Soquete &#8211; Branco C\u00f3digo: PEND 1 BR NCM: 9405.19.90 C\u00f3digo de Barras: 7898112194457 Unidade: Unit\u00e1rio<\/p>\n","protected":false},"featured_media":4691,"template":"","meta":[],"product_brand":[],"product_cat":[15,339],"product_tag":[398,399,400,394,397,396,395],"class_list":{"0":"post-4690","1":"product","2":"type-product","3":"status-publish","4":"has-post-thumbnail","6":"product_cat-marcai","7":"product_cat-pendente-popy","8":"product_tag-luminaria","9":"product_tag-luminaria-de-teto","10":"product_tag-luminaria-marcai","11":"product_tag-pendente","12":"product_tag-pendente-marcai","13":"product_tag-pendente-para-lampada","14":"product_tag-pendente-popy","16":"first","17":"instock","18":"shipping-taxable","19":"product-type-simple"},"_links":{"self":[{"href":"https:\/\/marcai.com.br\/catalogo\/wp-json\/wp\/v2\/product\/4690","targetHints":{"allow":["GET"]}}],"collection":[{"href":"https:\/\/marcai.com.br\/catalogo\/wp-json\/wp\/v2\/product"}],"about":[{"href":"https:\/\/marcai.com.br\/catalogo\/wp-json\/wp\/v2\/types\/product"}],"wp:featuredmedia":[{"embeddable":true,"href":"https:\/\/marcai.com.br\/catalogo\/wp-json\/wp\/v2\/media\/4691"}],"wp:attachment":[{"href":"https:\/\/marcai.com.br\/catalogo\/wp-json\/wp\/v2\/media?parent=4690"}],"wp:term":[{"taxonomy":"product_brand","embeddable":true,"href":"https:\/\/marcai.com.br\/catalogo\/wp-json\/wp\/v2\/product_brand?post=4690"},{"taxonomy":"product_cat","embeddable":true,"href":"https:\/\/marcai.com.br\/catalogo\/wp-json\/wp\/v2\/product_cat?post=4690"},{"taxonomy":"product_tag","embeddable":true,"href":"https:\/\/marcai.com.br\/catalogo\/wp-json\/wp\/v2\/product_tag?post=4690"}],"curies":[{"name":"wp","href":"https:\/\/api.w.org\/{rel}","templated":true}]}}