{"id":4693,"date":"2026-02-14T09:37:53","date_gmt":"2026-02-14T12:37:53","guid":{"rendered":"https:\/\/marcai.com.br\/catalogo\/?post_type=product&#038;p=4693"},"modified":"2026-02-14T09:58:25","modified_gmt":"2026-02-14T12:58:25","slug":"extensao-eletrica","status":"publish","type":"product","link":"https:\/\/marcai.com.br\/catalogo\/produto\/extensao-eletrica\/","title":{"rendered":"Extens\u00e3o El\u00e9trica"},"content":{"rendered":"<h3><strong>EXTENS\u00c3O BRANCA<\/strong><\/h3>\n<table style=\"height: 129px;\" width=\"527\" data-path-to-node=\"4\">\n<thead>\n<tr>\n<td style=\"text-align: center;\"><strong>C\u00f3digo<\/strong><\/td>\n<td style=\"text-align: center;\"><strong>Descri\u00e7\u00e3o<\/strong><\/td>\n<td style=\"text-align: center;\"><strong>C\u00f3digo de Barras<\/strong><\/td>\n<\/tr>\n<\/thead>\n<tbody>\n<tr>\n<td><span data-path-to-node=\"4,1,0,0\"><b data-path-to-node=\"4,1,0,0\" data-index-in-node=\"0\">E 2P+T 3M BR<\/b><\/span><\/td>\n<td><span data-path-to-node=\"4,1,1,0\">Extens\u00e3o 2P + T <strong>(3 metros)<\/strong><\/span><\/td>\n<td><span data-path-to-node=\"4,1,2,0\">7898112194396<\/span><\/td>\n<\/tr>\n<tr>\n<td><span data-path-to-node=\"4,2,0,0\"><b data-path-to-node=\"4,2,0,0\" data-index-in-node=\"0\">E 2P+T 5M BR<\/b><\/span><\/td>\n<td><span data-path-to-node=\"4,2,1,0\">Extens\u00e3o 2P + T <strong>(5 metros)<\/strong><\/span><\/td>\n<td><span data-path-to-node=\"4,2,2,0\">7898112194402<\/span><\/td>\n<\/tr>\n<tr>\n<td><span data-path-to-node=\"4,3,0,0\"><b data-path-to-node=\"4,3,0,0\" data-index-in-node=\"0\">E 2P+T 10M BR<\/b><\/span><\/td>\n<td><span data-path-to-node=\"4,3,1,0\">Extens\u00e3o 2P + T <strong>(10 metros)<\/strong><\/span><\/td>\n<td><span data-path-to-node=\"4,3,2,0\">7898112194419<\/span><\/td>\n<\/tr>\n<\/tbody>\n<\/table>\n<h3><strong>EXTENS\u00c3O PRETA<\/strong><\/h3>\n<table style=\"height: 130px;\" width=\"530\" data-path-to-node=\"6\">\n<thead>\n<tr>\n<td style=\"text-align: center;\"><strong>C\u00f3digo<\/strong><\/td>\n<td style=\"text-align: center;\"><strong>Descri\u00e7\u00e3o<\/strong><\/td>\n<td style=\"text-align: center;\"><strong>C\u00f3digo de Barras<\/strong><\/td>\n<\/tr>\n<\/thead>\n<tbody>\n<tr>\n<td><span data-path-to-node=\"6,1,0,0\"><b data-path-to-node=\"6,1,0,0\" data-index-in-node=\"0\">E 2P+T 3M PR<\/b><\/span><\/td>\n<td><span data-path-to-node=\"6,1,1,0\">Extens\u00e3o 2P + T <strong>(3 metros)<\/strong><\/span><\/td>\n<td><span data-path-to-node=\"6,1,2,0\">7898112194426<\/span><\/td>\n<\/tr>\n<tr>\n<td><span data-path-to-node=\"6,2,0,0\"><b data-path-to-node=\"6,2,0,0\" data-index-in-node=\"0\">E 2P+T 5M PR<\/b><\/span><\/td>\n<td><span data-path-to-node=\"6,2,1,0\">Extens\u00e3o 2P + T <strong>(5 metros)<\/strong><\/span><\/td>\n<td><span data-path-to-node=\"6,2,2,0\">7898112194433<\/span><\/td>\n<\/tr>\n<tr>\n<td><span data-path-to-node=\"6,3,0,0\"><b data-path-to-node=\"6,3,0,0\" data-index-in-node=\"0\">E 2P+T 10M PR<\/b><\/span><\/td>\n<td><span data-path-to-node=\"6,3,1,0\">Extens\u00e3o 2P + T <strong>(10 metros)<\/strong><\/span><\/td>\n<td><span data-path-to-node=\"6,3,2,0\">7898112194440<\/span><\/td>\n<\/tr>\n<\/tbody>\n<\/table>\n<p>&nbsp;<\/p>\n","protected":false},"excerpt":{"rendered":"<p>EXTENS\u00c3O BRANCA C\u00f3digo Descri\u00e7\u00e3o C\u00f3digo de Barras E 2P+T 3M BR Extens\u00e3o 2P + T (3 metros) 7898112194396 E 2P+T 5M BR Extens\u00e3o 2P + T (5 metros) 7898112194402 E 2P+T 10M BR Extens\u00e3o 2P + T (10 metros) 7898112194419 EXTENS\u00c3O PRETA C\u00f3digo Descri\u00e7\u00e3o C\u00f3digo de Barras E 2P+T 3M PR Extens\u00e3o 2P + T [&hellip;]<\/p>\n","protected":false},"featured_media":4697,"template":"","meta":[],"product_brand":[],"product_cat":[401,15],"product_tag":[402,405,403,404,406],"class_list":{"0":"post-4693","1":"product","2":"type-product","3":"status-publish","4":"has-post-thumbnail","6":"product_cat-extensao","7":"product_cat-marcai","8":"product_tag-extensao","9":"product_tag-extensao-branca","10":"product_tag-extensao-eletrica","11":"product_tag-extensao-marcai","12":"product_tag-extensao-preta","14":"first","15":"instock","16":"shipping-taxable","17":"product-type-simple"},"_links":{"self":[{"href":"https:\/\/marcai.com.br\/catalogo\/wp-json\/wp\/v2\/product\/4693","targetHints":{"allow":["GET"]}}],"collection":[{"href":"https:\/\/marcai.com.br\/catalogo\/wp-json\/wp\/v2\/product"}],"about":[{"href":"https:\/\/marcai.com.br\/catalogo\/wp-json\/wp\/v2\/types\/product"}],"wp:featuredmedia":[{"embeddable":true,"href":"https:\/\/marcai.com.br\/catalogo\/wp-json\/wp\/v2\/media\/4697"}],"wp:attachment":[{"href":"https:\/\/marcai.com.br\/catalogo\/wp-json\/wp\/v2\/media?parent=4693"}],"wp:term":[{"taxonomy":"product_brand","embeddable":true,"href":"https:\/\/marcai.com.br\/catalogo\/wp-json\/wp\/v2\/product_brand?post=4693"},{"taxonomy":"product_cat","embeddable":true,"href":"https:\/\/marcai.com.br\/catalogo\/wp-json\/wp\/v2\/product_cat?post=4693"},{"taxonomy":"product_tag","embeddable":true,"href":"https:\/\/marcai.com.br\/catalogo\/wp-json\/wp\/v2\/product_tag?post=4693"}],"curies":[{"name":"wp","href":"https:\/\/api.w.org\/{rel}","templated":true}]}}