{"id":4698,"date":"2026-02-14T10:18:43","date_gmt":"2026-02-14T13:18:43","guid":{"rendered":"https:\/\/marcai.com.br\/catalogo\/?post_type=product&#038;p=4698"},"modified":"2026-02-14T10:20:44","modified_gmt":"2026-02-14T13:20:44","slug":"tapa-furo","status":"publish","type":"product","link":"https:\/\/marcai.com.br\/catalogo\/produto\/tapa-furo\/","title":{"rendered":"Tapa Furo"},"content":{"rendered":"<h3>TAPA FURO DE TETO<\/h3>\n<table style=\"height: 97px;\" width=\"557\" data-path-to-node=\"2\">\n<thead>\n<tr>\n<td style=\"text-align: center;\"><strong>C\u00f3digo<\/strong><\/td>\n<td style=\"text-align: center;\"><strong>Descri\u00e7\u00e3o<\/strong><\/td>\n<td style=\"text-align: center;\"><strong>NCM<\/strong><\/td>\n<td style=\"text-align: center;\"><strong>C\u00f3digo de Barras (EAN)<\/strong><\/td>\n<\/tr>\n<\/thead>\n<tbody>\n<tr>\n<td><span data-path-to-node=\"2,1,0,0\"><b data-path-to-node=\"2,1,0,0\" data-index-in-node=\"0\">TFB<\/b><\/span><\/td>\n<td><span data-path-to-node=\"2,1,1,0\">Tapa Furo 140 mm &#8211; <b data-path-to-node=\"2,1,1,0\" data-index-in-node=\"19\">Branco<\/b><\/span><\/td>\n<td><span data-path-to-node=\"2,1,2,0\">9405.19.90<\/span><\/td>\n<td><span data-path-to-node=\"2,1,3,0\">7898112190497<\/span><\/td>\n<\/tr>\n<tr>\n<td><span data-path-to-node=\"2,2,0,0\"><b data-path-to-node=\"2,2,0,0\" data-index-in-node=\"0\">TFP<\/b><\/span><\/td>\n<td><span data-path-to-node=\"2,2,1,0\">Tapa Furo 140 mm &#8211; <b data-path-to-node=\"2,2,1,0\" data-index-in-node=\"19\">Preto<\/b><\/span><\/td>\n<td><span data-path-to-node=\"2,2,2,0\">9405.19.90<\/span><\/td>\n<td><span data-path-to-node=\"2,2,3,0\">7898112190084<\/span><\/td>\n<\/tr>\n<\/tbody>\n<\/table>\n<p>Chapa de Ferro Circular com suporte de fixa\u00e7\u00e3o para dar Acabamento em caixinhas de Luz Inutilizadas.<\/p>\n<div class=\"ewd-upcp-single-product-description\">\n<p>&nbsp;<\/p>\n<\/div>\n","protected":false},"excerpt":{"rendered":"<p>TAPA FURO DE TETO C\u00f3digo Descri\u00e7\u00e3o NCM C\u00f3digo de Barras (EAN) TFB Tapa Furo 140 mm &#8211; Branco 9405.19.90 7898112190497 TFP Tapa Furo 140 mm &#8211; Preto 9405.19.90 7898112190084 Chapa de Ferro Circular com suporte de fixa\u00e7\u00e3o para dar Acabamento em caixinhas de Luz Inutilizadas. &nbsp;<\/p>\n","protected":false},"featured_media":4707,"template":"","meta":[],"product_brand":[],"product_cat":[15,341],"product_tag":[407,408],"class_list":{"0":"post-4698","1":"product","2":"type-product","3":"status-publish","4":"has-post-thumbnail","6":"product_cat-marcai","7":"product_cat-tapa-furo","8":"product_tag-tapa-furo","9":"product_tag-tapa-furo-marcai","11":"first","12":"instock","13":"shipping-taxable","14":"product-type-simple"},"_links":{"self":[{"href":"https:\/\/marcai.com.br\/catalogo\/wp-json\/wp\/v2\/product\/4698","targetHints":{"allow":["GET"]}}],"collection":[{"href":"https:\/\/marcai.com.br\/catalogo\/wp-json\/wp\/v2\/product"}],"about":[{"href":"https:\/\/marcai.com.br\/catalogo\/wp-json\/wp\/v2\/types\/product"}],"wp:featuredmedia":[{"embeddable":true,"href":"https:\/\/marcai.com.br\/catalogo\/wp-json\/wp\/v2\/media\/4707"}],"wp:attachment":[{"href":"https:\/\/marcai.com.br\/catalogo\/wp-json\/wp\/v2\/media?parent=4698"}],"wp:term":[{"taxonomy":"product_brand","embeddable":true,"href":"https:\/\/marcai.com.br\/catalogo\/wp-json\/wp\/v2\/product_brand?post=4698"},{"taxonomy":"product_cat","embeddable":true,"href":"https:\/\/marcai.com.br\/catalogo\/wp-json\/wp\/v2\/product_cat?post=4698"},{"taxonomy":"product_tag","embeddable":true,"href":"https:\/\/marcai.com.br\/catalogo\/wp-json\/wp\/v2\/product_tag?post=4698"}],"curies":[{"name":"wp","href":"https:\/\/api.w.org\/{rel}","templated":true}]}}