{"id":4720,"date":"2026-02-14T11:54:53","date_gmt":"2026-02-14T14:54:53","guid":{"rendered":"https:\/\/marcai.com.br\/catalogo\/?post_type=product&#038;p=4720"},"modified":"2026-02-14T11:54:53","modified_gmt":"2026-02-14T14:54:53","slug":"canopla-quadrada","status":"publish","type":"product","link":"https:\/\/marcai.com.br\/catalogo\/produto\/canopla-quadrada\/","title":{"rendered":"Canopla Quadrada"},"content":{"rendered":"<p>CANOPLA QUADRADA<\/p>\n<table data-path-to-node=\"3\">\n<thead>\n<tr>\n<td><strong>C\u00f3digo<\/strong><\/td>\n<td><strong>Descri\u00e7\u00e3o<\/strong><\/td>\n<td><strong>Unidade<\/strong><\/td>\n<td><strong>NCM<\/strong><\/td>\n<td><strong>C\u00f3digo de Barras<\/strong><\/td>\n<\/tr>\n<\/thead>\n<tbody>\n<tr>\n<td><span data-path-to-node=\"3,1,0,0\"><b data-path-to-node=\"3,1,0,0\" data-index-in-node=\"0\">BQB<\/b><\/span><\/td>\n<td><span data-path-to-node=\"3,1,1,0\">Canopla completa Quadrada &#8211; Branca<\/span><\/td>\n<td><span data-path-to-node=\"3,1,2,0\">Unit\u00e1rio<\/span><\/td>\n<td><span data-path-to-node=\"3,1,3,0\">9405.19.90<\/span><\/td>\n<td><span data-path-to-node=\"3,1,4,0\">7898112193696<\/span><\/td>\n<\/tr>\n<tr>\n<td><span data-path-to-node=\"3,2,0,0\"><b data-path-to-node=\"3,2,0,0\" data-index-in-node=\"0\">BQP<\/b><\/span><\/td>\n<td><span data-path-to-node=\"3,2,1,0\">Canopla completa Quadrada &#8211; Preta<\/span><\/td>\n<td><span data-path-to-node=\"3,2,2,0\">Unit\u00e1rio<\/span><\/td>\n<td><span data-path-to-node=\"3,2,3,0\">9405.19.90<\/span><\/td>\n<td><span data-path-to-node=\"3,2,4,0\">7898112193702<\/span><\/td>\n<\/tr>\n<tr>\n<td><span data-path-to-node=\"3,3,0,0\"><b data-path-to-node=\"3,3,0,0\" data-index-in-node=\"0\">BQC<\/b><\/span><\/td>\n<td><span data-path-to-node=\"3,3,1,0\">Canopla completa Quadrada &#8211; Cromada<\/span><\/td>\n<td><span data-path-to-node=\"3,3,2,0\">Unit\u00e1rio<\/span><\/td>\n<td><span data-path-to-node=\"3,3,3,0\">9405.19.90<\/span><\/td>\n<td><span data-path-to-node=\"3,3,4,0\">7898112194068<\/span><\/td>\n<\/tr>\n<\/tbody>\n<\/table>\n","protected":false},"excerpt":{"rendered":"<p>CANOPLA QUADRADA C\u00f3digo Descri\u00e7\u00e3o Unidade NCM C\u00f3digo de Barras BQB Canopla completa Quadrada &#8211; Branca Unit\u00e1rio 9405.19.90 7898112193696 BQP Canopla completa Quadrada &#8211; Preta Unit\u00e1rio 9405.19.90 7898112193702 BQC Canopla completa Quadrada &#8211; Cromada Unit\u00e1rio 9405.19.90 7898112194068<\/p>\n","protected":false},"featured_media":4722,"template":"","meta":[],"product_brand":[],"product_cat":[343,15],"product_tag":[413,415,419],"class_list":{"0":"post-4720","1":"product","2":"type-product","3":"status-publish","4":"has-post-thumbnail","6":"product_cat-canoplas","7":"product_cat-marcai","8":"product_tag-canopla","9":"product_tag-canopla-marcai","10":"product_tag-canopla-quadrada","12":"first","13":"instock","14":"shipping-taxable","15":"product-type-simple"},"_links":{"self":[{"href":"https:\/\/marcai.com.br\/catalogo\/wp-json\/wp\/v2\/product\/4720","targetHints":{"allow":["GET"]}}],"collection":[{"href":"https:\/\/marcai.com.br\/catalogo\/wp-json\/wp\/v2\/product"}],"about":[{"href":"https:\/\/marcai.com.br\/catalogo\/wp-json\/wp\/v2\/types\/product"}],"wp:featuredmedia":[{"embeddable":true,"href":"https:\/\/marcai.com.br\/catalogo\/wp-json\/wp\/v2\/media\/4722"}],"wp:attachment":[{"href":"https:\/\/marcai.com.br\/catalogo\/wp-json\/wp\/v2\/media?parent=4720"}],"wp:term":[{"taxonomy":"product_brand","embeddable":true,"href":"https:\/\/marcai.com.br\/catalogo\/wp-json\/wp\/v2\/product_brand?post=4720"},{"taxonomy":"product_cat","embeddable":true,"href":"https:\/\/marcai.com.br\/catalogo\/wp-json\/wp\/v2\/product_cat?post=4720"},{"taxonomy":"product_tag","embeddable":true,"href":"https:\/\/marcai.com.br\/catalogo\/wp-json\/wp\/v2\/product_tag?post=4720"}],"curies":[{"name":"wp","href":"https:\/\/api.w.org\/{rel}","templated":true}]}}