{"id":4723,"date":"2026-02-14T11:58:43","date_gmt":"2026-02-14T14:58:43","guid":{"rendered":"https:\/\/marcai.com.br\/catalogo\/?post_type=product&#038;p=4723"},"modified":"2026-02-14T12:01:05","modified_gmt":"2026-02-14T15:01:05","slug":"canopla-ovalada","status":"publish","type":"product","link":"https:\/\/marcai.com.br\/catalogo\/produto\/canopla-ovalada\/","title":{"rendered":"Canopla Ovalada"},"content":{"rendered":"<h3><strong>CANOPLA OVALADA<\/strong><\/h3>\n<table data-path-to-node=\"1\">\n<thead>\n<tr>\n<td><strong>C\u00f3digo<\/strong><\/td>\n<td><strong>Descri\u00e7\u00e3o<\/strong><\/td>\n<td><strong>Unidade<\/strong><\/td>\n<td><strong>NCM<\/strong><\/td>\n<td><strong>C\u00f3digo de Barras<\/strong><\/td>\n<\/tr>\n<\/thead>\n<tbody>\n<tr>\n<td><span data-path-to-node=\"1,1,0,0\"><b data-path-to-node=\"1,1,0,0\" data-index-in-node=\"0\">BOB<\/b><\/span><\/td>\n<td><span data-path-to-node=\"1,1,1,0\">Canopla completa Ovalada &#8211; Branca<\/span><\/td>\n<td><span data-path-to-node=\"1,1,2,0\">Unit\u00e1rio<\/span><\/td>\n<td><span data-path-to-node=\"1,1,3,0\">9405.19.90<\/span><\/td>\n<td><span data-path-to-node=\"1,1,4,0\">7898112193726<\/span><\/td>\n<\/tr>\n<tr>\n<td><span data-path-to-node=\"1,2,0,0\"><b data-path-to-node=\"1,2,0,0\" data-index-in-node=\"0\">BOP<\/b><\/span><\/td>\n<td><span data-path-to-node=\"1,2,1,0\">Canopla completa Ovalada &#8211; Preta<\/span><\/td>\n<td><span data-path-to-node=\"1,2,2,0\">Unit\u00e1rio<\/span><\/td>\n<td><span data-path-to-node=\"1,2,3,0\">9405.19.90<\/span><\/td>\n<td><span data-path-to-node=\"1,2,4,0\">7898112193733<\/span><\/td>\n<\/tr>\n<tr>\n<td><span data-path-to-node=\"1,3,0,0\"><b data-path-to-node=\"1,3,0,0\" data-index-in-node=\"0\">BOC<\/b><\/span><\/td>\n<td><span data-path-to-node=\"1,3,1,0\">Canopla completa Ovalada &#8211; Cromada<\/span><\/td>\n<td><span data-path-to-node=\"1,3,2,0\">Unit\u00e1rio<\/span><\/td>\n<td><span data-path-to-node=\"1,3,3,0\">9405.19.90<\/span><\/td>\n<td><span data-path-to-node=\"1,3,4,0\">7898112193740<\/span><\/td>\n<\/tr>\n<\/tbody>\n<\/table>\n","protected":false},"excerpt":{"rendered":"<p>CANOPLA OVALADA C\u00f3digo Descri\u00e7\u00e3o Unidade NCM C\u00f3digo de Barras BOB Canopla completa Ovalada &#8211; Branca Unit\u00e1rio 9405.19.90 7898112193726 BOP Canopla completa Ovalada &#8211; Preta Unit\u00e1rio 9405.19.90 7898112193733 BOC Canopla completa Ovalada &#8211; Cromada Unit\u00e1rio 9405.19.90 7898112193740<\/p>\n","protected":false},"featured_media":4726,"template":"","meta":[],"product_brand":[],"product_cat":[343,15],"product_tag":[413,415,420,421],"class_list":{"0":"post-4723","1":"product","2":"type-product","3":"status-publish","4":"has-post-thumbnail","6":"product_cat-canoplas","7":"product_cat-marcai","8":"product_tag-canopla","9":"product_tag-canopla-marcai","10":"product_tag-canopla-ovalada","11":"product_tag-canopla-redonda","13":"first","14":"instock","15":"shipping-taxable","16":"product-type-simple"},"_links":{"self":[{"href":"https:\/\/marcai.com.br\/catalogo\/wp-json\/wp\/v2\/product\/4723","targetHints":{"allow":["GET"]}}],"collection":[{"href":"https:\/\/marcai.com.br\/catalogo\/wp-json\/wp\/v2\/product"}],"about":[{"href":"https:\/\/marcai.com.br\/catalogo\/wp-json\/wp\/v2\/types\/product"}],"wp:featuredmedia":[{"embeddable":true,"href":"https:\/\/marcai.com.br\/catalogo\/wp-json\/wp\/v2\/media\/4726"}],"wp:attachment":[{"href":"https:\/\/marcai.com.br\/catalogo\/wp-json\/wp\/v2\/media?parent=4723"}],"wp:term":[{"taxonomy":"product_brand","embeddable":true,"href":"https:\/\/marcai.com.br\/catalogo\/wp-json\/wp\/v2\/product_brand?post=4723"},{"taxonomy":"product_cat","embeddable":true,"href":"https:\/\/marcai.com.br\/catalogo\/wp-json\/wp\/v2\/product_cat?post=4723"},{"taxonomy":"product_tag","embeddable":true,"href":"https:\/\/marcai.com.br\/catalogo\/wp-json\/wp\/v2\/product_tag?post=4723"}],"curies":[{"name":"wp","href":"https:\/\/api.w.org\/{rel}","templated":true}]}}