{"id":4727,"date":"2026-02-14T12:13:14","date_gmt":"2026-02-14T15:13:14","guid":{"rendered":"https:\/\/marcai.com.br\/catalogo\/?post_type=product&#038;p=4727"},"modified":"2026-02-14T12:13:14","modified_gmt":"2026-02-14T15:13:14","slug":"soquetes","status":"publish","type":"product","link":"https:\/\/marcai.com.br\/catalogo\/produto\/soquetes\/","title":{"rendered":"Soquetes"},"content":{"rendered":"<h3><strong>SOQUETES<\/strong><\/h3>\n<table data-path-to-node=\"2\">\n<thead>\n<tr>\n<td><strong>C\u00f3digo<\/strong><\/td>\n<td><strong>Descri\u00e7\u00e3o do Produto<\/strong><\/td>\n<td><strong>Cor<\/strong><\/td>\n<td><strong>Especifica\u00e7\u00f5es<\/strong><\/td>\n<td><strong>Di\u00e2metro da C\u00fapula<\/strong><\/td>\n<td><strong>C\u00f3d. de Barras<\/strong><\/td>\n<\/tr>\n<\/thead>\n<tbody>\n<tr>\n<td><span data-path-to-node=\"2,1,0,0\"><b data-path-to-node=\"2,1,0,0\" data-index-in-node=\"0\">SAB<\/b><\/span><\/td>\n<td><span data-path-to-node=\"2,1,1,0\">Soquete P\/ Abajur \/ coluna\u00a0\u00a0<\/span><\/td>\n<td><span data-path-to-node=\"2,1,2,0\">Branco\u00a0\u00a0<\/span><\/td>\n<td><span data-path-to-node=\"2,1,3,0\">2A 250V<\/span><\/td>\n<td><span data-path-to-node=\"2,1,4,0\">34mm<\/span><\/td>\n<td><span data-path-to-node=\"2,1,5,0\">7898112192538\u00a0\u00a0<\/span><\/td>\n<\/tr>\n<tr>\n<td><span data-path-to-node=\"2,2,0,0\"><b data-path-to-node=\"2,2,0,0\" data-index-in-node=\"0\">SAP<\/b><\/span><\/td>\n<td><span data-path-to-node=\"2,2,1,0\">Soquete P\/ Abajur \/ coluna<\/span><\/td>\n<td><span data-path-to-node=\"2,2,2,0\">Preto<\/span><\/td>\n<td><span data-path-to-node=\"2,2,3,0\">2A 250V<\/span><\/td>\n<td><span data-path-to-node=\"2,2,4,0\">34mm<\/span><\/td>\n<td><span data-path-to-node=\"2,2,5,0\">7898112192545<\/span><\/td>\n<\/tr>\n<tr>\n<td><span data-path-to-node=\"2,3,0,0\"><b data-path-to-node=\"2,3,0,0\" data-index-in-node=\"0\">SCB<\/b><\/span><\/td>\n<td><span data-path-to-node=\"2,3,1,0\">Soquete Universal<\/span><\/td>\n<td><span data-path-to-node=\"2,3,2,0\">Branco<\/span><\/td>\n<td><span data-path-to-node=\"2,3,3,0\">2A 250V<\/span><\/td>\n<td><span data-path-to-node=\"2,3,4,0\">40mm<\/span><\/td>\n<td><span data-path-to-node=\"2,3,5,0\">7898112192514<\/span><\/td>\n<\/tr>\n<tr>\n<td><span data-path-to-node=\"2,4,0,0\"><b data-path-to-node=\"2,4,0,0\" data-index-in-node=\"0\">SCP<\/b><\/span><\/td>\n<td><span data-path-to-node=\"2,4,1,0\">Soquete Universal<\/span><\/td>\n<td><span data-path-to-node=\"2,4,2,0\">Preto<\/span><\/td>\n<td><span data-path-to-node=\"2,4,3,0\">2A 250V<\/span><\/td>\n<td><span data-path-to-node=\"2,4,4,0\">40mm<\/span><\/td>\n<td><span data-path-to-node=\"2,4,5,0\">7898112192521<\/span><\/td>\n<\/tr>\n<tr>\n<td><span data-path-to-node=\"2,5,0,0\"><b data-path-to-node=\"2,5,0,0\" data-index-in-node=\"0\">SLB<\/b><\/span><\/td>\n<td><span data-path-to-node=\"2,5,1,0\">Soquete Liso<\/span><\/td>\n<td><span data-path-to-node=\"2,5,2,0\">Branco<\/span><\/td>\n<td><span data-path-to-node=\"2,5,3,0\">2A 250V<\/span><\/td>\n<td><span data-path-to-node=\"2,5,4,0\">N\/A<\/span><\/td>\n<td><span data-path-to-node=\"2,5,5,0\">7898112194235<\/span><\/td>\n<\/tr>\n<tr>\n<td><span data-path-to-node=\"2,6,0,0\"><b data-path-to-node=\"2,6,0,0\" data-index-in-node=\"0\">SLP<\/b><\/span><\/td>\n<td><span data-path-to-node=\"2,6,1,0\">Soquete Liso<\/span><\/td>\n<td><span data-path-to-node=\"2,6,2,0\">Preto<\/span><\/td>\n<td><span data-path-to-node=\"2,6,3,0\">2A 250V<\/span><\/td>\n<td><span data-path-to-node=\"2,6,4,0\">N\/A<\/span><\/td>\n<td><span data-path-to-node=\"2,6,5,0\">7898112194242<\/span><\/td>\n<\/tr>\n<\/tbody>\n<\/table>\n","protected":false},"excerpt":{"rendered":"<p>SOQUETES C\u00f3digo Descri\u00e7\u00e3o do Produto Cor Especifica\u00e7\u00f5es Di\u00e2metro da C\u00fapula C\u00f3d. de Barras SAB Soquete P\/ Abajur \/ coluna\u00a0\u00a0 Branco\u00a0\u00a0 2A 250V 34mm 7898112192538\u00a0\u00a0 SAP Soquete P\/ Abajur \/ coluna Preto 2A 250V 34mm 7898112192545 SCB Soquete Universal Branco 2A 250V 40mm 7898112192514 SCP Soquete Universal Preto 2A 250V 40mm 7898112192521 SLB Soquete Liso Branco [&hellip;]<\/p>\n","protected":false},"featured_media":4729,"template":"","meta":[],"product_brand":[],"product_cat":[15,344],"product_tag":[],"class_list":{"0":"post-4727","1":"product","2":"type-product","3":"status-publish","4":"has-post-thumbnail","6":"product_cat-marcai","7":"product_cat-soquete","9":"first","10":"instock","11":"shipping-taxable","12":"product-type-simple"},"_links":{"self":[{"href":"https:\/\/marcai.com.br\/catalogo\/wp-json\/wp\/v2\/product\/4727","targetHints":{"allow":["GET"]}}],"collection":[{"href":"https:\/\/marcai.com.br\/catalogo\/wp-json\/wp\/v2\/product"}],"about":[{"href":"https:\/\/marcai.com.br\/catalogo\/wp-json\/wp\/v2\/types\/product"}],"wp:featuredmedia":[{"embeddable":true,"href":"https:\/\/marcai.com.br\/catalogo\/wp-json\/wp\/v2\/media\/4729"}],"wp:attachment":[{"href":"https:\/\/marcai.com.br\/catalogo\/wp-json\/wp\/v2\/media?parent=4727"}],"wp:term":[{"taxonomy":"product_brand","embeddable":true,"href":"https:\/\/marcai.com.br\/catalogo\/wp-json\/wp\/v2\/product_brand?post=4727"},{"taxonomy":"product_cat","embeddable":true,"href":"https:\/\/marcai.com.br\/catalogo\/wp-json\/wp\/v2\/product_cat?post=4727"},{"taxonomy":"product_tag","embeddable":true,"href":"https:\/\/marcai.com.br\/catalogo\/wp-json\/wp\/v2\/product_tag?post=4727"}],"curies":[{"name":"wp","href":"https:\/\/api.w.org\/{rel}","templated":true}]}}