{"id":4730,"date":"2026-02-14T12:24:54","date_gmt":"2026-02-14T15:24:54","guid":{"rendered":"https:\/\/marcai.com.br\/catalogo\/?post_type=product&#038;p=4730"},"modified":"2026-02-14T12:25:48","modified_gmt":"2026-02-14T15:25:48","slug":"correntes-para-lustres","status":"publish","type":"product","link":"https:\/\/marcai.com.br\/catalogo\/produto\/correntes-para-lustres\/","title":{"rendered":"Correntes para Lustres"},"content":{"rendered":"<h3><strong>CORRENTES 1 metro<\/strong><\/h3>\n<table data-path-to-node=\"3\">\n<thead>\n<tr>\n<td><strong>C\u00f3digo<\/strong><\/td>\n<td><strong>Descri\u00e7\u00e3o<\/strong><\/td>\n<td><strong>Cor<\/strong><\/td>\n<td><strong>Dimens\u00f5es<\/strong><\/td>\n<td><strong>NCM<\/strong><\/td>\n<td><strong>C\u00f3digo de Barras<\/strong><\/td>\n<\/tr>\n<\/thead>\n<tbody>\n<tr>\n<td><span data-path-to-node=\"3,1,0,0\"><b data-path-to-node=\"3,1,0,0\" data-index-in-node=\"0\">CO3B<\/b><\/span><\/td>\n<td><span data-path-to-node=\"3,1,1,0\">Corrente FERRO\u00a0<\/span><\/td>\n<td><span data-path-to-node=\"3,1,2,0\">BRANCA<\/span><\/td>\n<td><span data-path-to-node=\"3,1,3,0\">14mm x 29mm x 2mm\u00a0<\/span><\/td>\n<td><span data-path-to-node=\"3,1,4,0\">9405.19.90\u00a0<\/span><\/td>\n<td><span data-path-to-node=\"3,1,5,0\">7898112190503<\/span><\/td>\n<\/tr>\n<tr>\n<td><span data-path-to-node=\"3,2,0,0\"><b data-path-to-node=\"3,2,0,0\" data-index-in-node=\"0\">CO3P<\/b><\/span><\/td>\n<td><span data-path-to-node=\"3,2,1,0\">Corrente FERRO<\/span><\/td>\n<td><span data-path-to-node=\"3,2,2,0\">PRETA<\/span><\/td>\n<td><span data-path-to-node=\"3,2,3,0\">14mm x 29mm x 2mm<\/span><\/td>\n<td><span data-path-to-node=\"3,2,4,0\">9405.19.90<\/span><\/td>\n<td><span data-path-to-node=\"3,2,5,0\">7898112190510<\/span><\/td>\n<\/tr>\n<tr>\n<td><span data-path-to-node=\"3,3,0,0\"><b data-path-to-node=\"3,3,0,0\" data-index-in-node=\"0\">CO3C<\/b><\/span><\/td>\n<td><span data-path-to-node=\"3,3,1,0\">Corrente FERRO<\/span><\/td>\n<td><span data-path-to-node=\"3,3,2,0\">CROMADA<\/span><\/td>\n<td><span data-path-to-node=\"3,3,3,0\">14mm x 29mm x 2mm<\/span><\/td>\n<td><span data-path-to-node=\"3,3,4,0\">9405.19.90<\/span><\/td>\n<td><span data-path-to-node=\"3,3,5,0\">7898112190169<\/span><\/td>\n<\/tr>\n<tr>\n<td><span data-path-to-node=\"3,4,0,0\"><b data-path-to-node=\"3,4,0,0\" data-index-in-node=\"0\">CO3D<\/b><\/span><\/td>\n<td><span data-path-to-node=\"3,4,1,0\">Corrente FERRO<\/span><\/td>\n<td><span data-path-to-node=\"3,4,2,0\">DOURADA<\/span><\/td>\n<td><span data-path-to-node=\"3,4,3,0\">14mm x 29mm x 2mm<\/span><\/td>\n<td><span data-path-to-node=\"3,4,4,0\">9405.19.90<\/span><\/td>\n<td><span data-path-to-node=\"3,4,5,0\">7898112190527<\/span><\/td>\n<\/tr>\n<tr>\n<td><span data-path-to-node=\"3,5,0,0\"><b data-path-to-node=\"3,5,0,0\" data-index-in-node=\"0\">CO5B<\/b><\/span><\/td>\n<td><span data-path-to-node=\"3,5,1,0\">Corrente FERRO<\/span><\/td>\n<td><span data-path-to-node=\"3,5,2,0\">BRANCA<\/span><\/td>\n<td><span data-path-to-node=\"3,5,3,0\">17mm x 44mm x 3mm<\/span><\/td>\n<td><span data-path-to-node=\"3,5,4,0\">9405.19.90<\/span><\/td>\n<td><span data-path-to-node=\"3,5,5,0\">7898112190640<\/span><\/td>\n<\/tr>\n<tr>\n<td><span data-path-to-node=\"3,6,0,0\"><b data-path-to-node=\"3,6,0,0\" data-index-in-node=\"0\">CO5P<\/b><\/span><\/td>\n<td><span data-path-to-node=\"3,6,1,0\">Corrente FERRO<\/span><\/td>\n<td><span data-path-to-node=\"3,6,2,0\">PRETA<\/span><\/td>\n<td><span data-path-to-node=\"3,6,3,0\">17mm x 44mm x 3mm<\/span><\/td>\n<td><span data-path-to-node=\"3,6,4,0\">9405.19.90<\/span><\/td>\n<td><span data-path-to-node=\"3,6,5,0\">7898112190657<\/span><\/td>\n<\/tr>\n<tr>\n<td><span data-path-to-node=\"3,7,0,0\"><b data-path-to-node=\"3,7,0,0\" data-index-in-node=\"0\">CO5C<\/b><\/span><\/td>\n<td><span data-path-to-node=\"3,7,1,0\">Corrente FERRO<\/span><\/td>\n<td><span data-path-to-node=\"3,7,2,0\">CROMADA<\/span><\/td>\n<td><span data-path-to-node=\"3,7,3,0\">17mm x 44mm x 3mm<\/span><\/td>\n<td><span data-path-to-node=\"3,7,4,0\">9405.19.90<\/span><\/td>\n<td><span data-path-to-node=\"3,7,5,0\">7898112190664<\/span><\/td>\n<\/tr>\n<tr>\n<td><span data-path-to-node=\"3,8,0,0\"><b data-path-to-node=\"3,8,0,0\" data-index-in-node=\"0\">CO5D<\/b><\/span><\/td>\n<td><span data-path-to-node=\"3,8,1,0\">Corrente FERRO<\/span><\/td>\n<td><span data-path-to-node=\"3,8,2,0\">DOURADA<\/span><\/td>\n<td><span data-path-to-node=\"3,8,3,0\">17mm x 44mm x 3mm<\/span><\/td>\n<td><span data-path-to-node=\"3,8,4,0\">9405.19.90<\/span><\/td>\n<td><span data-path-to-node=\"3,8,5,0\">7898112190671<\/span><\/td>\n<\/tr>\n<\/tbody>\n<\/table>\n","protected":false},"excerpt":{"rendered":"<p>CORRENTES 1 metro C\u00f3digo Descri\u00e7\u00e3o Cor Dimens\u00f5es NCM C\u00f3digo de Barras CO3B Corrente FERRO\u00a0 BRANCA 14mm x 29mm x 2mm\u00a0 9405.19.90\u00a0 7898112190503 CO3P Corrente FERRO PRETA 14mm x 29mm x 2mm 9405.19.90 7898112190510 CO3C Corrente FERRO CROMADA 14mm x 29mm x 2mm 9405.19.90 7898112190169 CO3D Corrente FERRO DOURADA 14mm x 29mm x 2mm 9405.19.90 7898112190527 [&hellip;]<\/p>\n","protected":false},"featured_media":4731,"template":"","meta":[],"product_brand":[],"product_cat":[324,15],"product_tag":[425,422,423,424,426],"class_list":{"0":"post-4730","1":"product","2":"type-product","3":"status-publish","4":"has-post-thumbnail","6":"product_cat-correntes","7":"product_cat-marcai","8":"product_tag-corrente-para-lustre","9":"product_tag-correntes","10":"product_tag-correntes-de-ferro","11":"product_tag-correntes-marcai","12":"product_tag-correntes-para-lustre","14":"first","15":"instock","16":"shipping-taxable","17":"product-type-simple"},"_links":{"self":[{"href":"https:\/\/marcai.com.br\/catalogo\/wp-json\/wp\/v2\/product\/4730","targetHints":{"allow":["GET"]}}],"collection":[{"href":"https:\/\/marcai.com.br\/catalogo\/wp-json\/wp\/v2\/product"}],"about":[{"href":"https:\/\/marcai.com.br\/catalogo\/wp-json\/wp\/v2\/types\/product"}],"wp:featuredmedia":[{"embeddable":true,"href":"https:\/\/marcai.com.br\/catalogo\/wp-json\/wp\/v2\/media\/4731"}],"wp:attachment":[{"href":"https:\/\/marcai.com.br\/catalogo\/wp-json\/wp\/v2\/media?parent=4730"}],"wp:term":[{"taxonomy":"product_brand","embeddable":true,"href":"https:\/\/marcai.com.br\/catalogo\/wp-json\/wp\/v2\/product_brand?post=4730"},{"taxonomy":"product_cat","embeddable":true,"href":"https:\/\/marcai.com.br\/catalogo\/wp-json\/wp\/v2\/product_cat?post=4730"},{"taxonomy":"product_tag","embeddable":true,"href":"https:\/\/marcai.com.br\/catalogo\/wp-json\/wp\/v2\/product_tag?post=4730"}],"curies":[{"name":"wp","href":"https:\/\/api.w.org\/{rel}","templated":true}]}}