{"id":4732,"date":"2026-02-14T12:32:38","date_gmt":"2026-02-14T15:32:38","guid":{"rendered":"https:\/\/marcai.com.br\/catalogo\/?post_type=product&#038;p=4732"},"modified":"2026-02-14T12:32:39","modified_gmt":"2026-02-14T15:32:39","slug":"fio-pp-05","status":"publish","type":"product","link":"https:\/\/marcai.com.br\/catalogo\/produto\/fio-pp-05\/","title":{"rendered":"Fio PP 0,5"},"content":{"rendered":"<h3><strong>FIO PP 0,5<\/strong><\/h3>\n<table data-path-to-node=\"2\">\n<thead>\n<tr>\n<td><strong>C\u00f3digo<\/strong><\/td>\n<td><strong>Descri\u00e7\u00e3o do Produto<\/strong><\/td>\n<td><strong>Tipo<\/strong><\/td>\n<td><strong>NCM<\/strong><\/td>\n<td><strong>C\u00f3digo de Barras<\/strong><\/td>\n<\/tr>\n<\/thead>\n<tbody>\n<tr>\n<td><span data-path-to-node=\"2,1,0,0\"><b data-path-to-node=\"2,1,0,0\" data-index-in-node=\"0\">FPP C<\/b><\/span><\/td>\n<td><span data-path-to-node=\"2,1,1,0\">Fio PP 0,50 &#8211; 3,0 M &#8211; Cristal s\/alma<\/span><\/td>\n<td><span data-path-to-node=\"2,1,2,0\">Unit\u00e1rio<\/span><\/td>\n<td><span data-path-to-node=\"2,1,3,0\">85 44 42 00<\/span><\/td>\n<td><span data-path-to-node=\"2,1,4,0\">7898112191296<\/span><\/td>\n<\/tr>\n<tr>\n<td><span data-path-to-node=\"2,2,0,0\"><b data-path-to-node=\"2,2,0,0\" data-index-in-node=\"0\">FPP C5<\/b><\/span><\/td>\n<td><span data-path-to-node=\"2,2,1,0\">Fio PP 0,50 &#8211; 5,0 M &#8211; Cristal s\/alma<\/span><\/td>\n<td><span data-path-to-node=\"2,2,2,0\">Unit\u00e1rio<\/span><\/td>\n<td><span data-path-to-node=\"2,2,3,0\">85 44 42 00<\/span><\/td>\n<td><span data-path-to-node=\"2,2,4,0\">7898112190756<\/span><\/td>\n<\/tr>\n<tr>\n<td><span data-path-to-node=\"2,3,0,0\"><b data-path-to-node=\"2,3,0,0\" data-index-in-node=\"0\">FPP C RL<\/b><\/span><\/td>\n<td><span data-path-to-node=\"2,3,1,0\">Fio PP 0,50 &#8211; ROLO 100 Mts &#8211; Cristal &#8211; Sem alma<\/span><\/td>\n<td><span data-path-to-node=\"2,3,2,0\">Unit\u00e1rio<\/span><\/td>\n<td><span data-path-to-node=\"2,3,3,0\">85 44 42 00<\/span><\/td>\n<td><span data-path-to-node=\"2,3,4,0\">7898112191197<\/span><\/td>\n<\/tr>\n<tr>\n<td><span data-path-to-node=\"2,4,0,0\"><b data-path-to-node=\"2,4,0,0\" data-index-in-node=\"0\">FPP C RAL<\/b><\/span><\/td>\n<td><span data-path-to-node=\"2,4,1,0\">Fio PP 0,50 &#8211; ROLO 100 Mts &#8211; Cristal &#8211; Com alma<\/span><\/td>\n<td><span data-path-to-node=\"2,4,2,0\">Unit\u00e1rio<\/span><\/td>\n<td><span data-path-to-node=\"2,4,3,0\">85 44 42 00<\/span><\/td>\n<td><span data-path-to-node=\"2,4,4,0\">7898112193795<\/span><\/td>\n<\/tr>\n<tr>\n<td><span data-path-to-node=\"2,5,0,0\"><b data-path-to-node=\"2,5,0,0\" data-index-in-node=\"0\">FPP B<\/b><\/span><\/td>\n<td><span data-path-to-node=\"2,5,1,0\">Fio PP 0,50 &#8211; 3,0 M &#8211; Branco s\/alma<\/span><\/td>\n<td><span data-path-to-node=\"2,5,2,0\">Unit\u00e1rio<\/span><\/td>\n<td><span data-path-to-node=\"2,5,3,0\">85 44 42 00<\/span><\/td>\n<td><span data-path-to-node=\"2,5,4,0\">7898112191272<\/span><\/td>\n<\/tr>\n<tr>\n<td><span data-path-to-node=\"2,6,0,0\"><b data-path-to-node=\"2,6,0,0\" data-index-in-node=\"0\">FPP B5<\/b><\/span><\/td>\n<td><span data-path-to-node=\"2,6,1,0\">Fio PP 0,50 &#8211; 5,0 M &#8211; Branco s\/alma<\/span><\/td>\n<td><span data-path-to-node=\"2,6,2,0\">Unit\u00e1rio<\/span><\/td>\n<td><span data-path-to-node=\"2,6,3,0\">85 44 42 00<\/span><\/td>\n<td><span data-path-to-node=\"2,6,4,0\">7898112193511<\/span><\/td>\n<\/tr>\n<tr>\n<td><span data-path-to-node=\"2,7,0,0\"><b data-path-to-node=\"2,7,0,0\" data-index-in-node=\"0\">FPP B RL<\/b><\/span><\/td>\n<td><span data-path-to-node=\"2,7,1,0\">Fio PP 0,50 &#8211; ROLO 100 Mts &#8211; Branco &#8211; Sem alma<\/span><\/td>\n<td><span data-path-to-node=\"2,7,2,0\">Unit\u00e1rio<\/span><\/td>\n<td><span data-path-to-node=\"2,7,3,0\">85 44 42 00<\/span><\/td>\n<td><span data-path-to-node=\"2,7,4,0\">7898112190596<\/span><\/td>\n<\/tr>\n<tr>\n<td><span data-path-to-node=\"2,8,0,0\"><b data-path-to-node=\"2,8,0,0\" data-index-in-node=\"0\">FPP B RAL<\/b><\/span><\/td>\n<td><span data-path-to-node=\"2,8,1,0\">Fio PP 0,50 &#8211; ROLO 100 Mts &#8211; Branco &#8211; Com alma<\/span><\/td>\n<td><span data-path-to-node=\"2,8,2,0\">Unit\u00e1rio<\/span><\/td>\n<td><span data-path-to-node=\"2,8,3,0\">85 44 42 00<\/span><\/td>\n<td><span data-path-to-node=\"2,8,4,0\">7898112193801<\/span><\/td>\n<\/tr>\n<tr>\n<td><span data-path-to-node=\"2,9,0,0\"><b data-path-to-node=\"2,9,0,0\" data-index-in-node=\"0\">FPP P<\/b><\/span><\/td>\n<td><span data-path-to-node=\"2,9,1,0\">Fio PP 0,50 &#8211; 3,0 M &#8211; Preto s\/alma<\/span><\/td>\n<td><span data-path-to-node=\"2,9,2,0\">Unit\u00e1rio<\/span><\/td>\n<td><span data-path-to-node=\"2,9,3,0\">85 44 42 00<\/span><\/td>\n<td><span data-path-to-node=\"2,9,4,0\">7898112191289<\/span><\/td>\n<\/tr>\n<tr>\n<td><span data-path-to-node=\"2,10,0,0\"><b data-path-to-node=\"2,10,0,0\" data-index-in-node=\"0\">FPP P5<\/b><\/span><\/td>\n<td><span data-path-to-node=\"2,10,1,0\">Fio PP 0,50 &#8211; 5,0 M &#8211; Preto s\/alma<\/span><\/td>\n<td><span data-path-to-node=\"2,10,2,0\">Unit\u00e1rio<\/span><\/td>\n<td><span data-path-to-node=\"2,10,3,0\">85 44 42 00<\/span><\/td>\n<td><span data-path-to-node=\"2,10,4,0\">7898112193429<\/span><\/td>\n<\/tr>\n<tr>\n<td><span data-path-to-node=\"2,11,0,0\"><b data-path-to-node=\"2,11,0,0\" data-index-in-node=\"0\">FPP P RL<\/b><\/span><\/td>\n<td><span data-path-to-node=\"2,11,1,0\">Fio PP 0,50 &#8211; ROLO 100 Mts &#8211; Preto &#8211; Sem alma<\/span><\/td>\n<td><span data-path-to-node=\"2,11,2,0\">Unit\u00e1rio<\/span><\/td>\n<td><span data-path-to-node=\"2,11,3,0\">85 44 42 00<\/span><\/td>\n<td><span data-path-to-node=\"2,11,4,0\">7898112190688<\/span><\/td>\n<\/tr>\n<tr>\n<td><span data-path-to-node=\"2,12,0,0\"><b data-path-to-node=\"2,12,0,0\" data-index-in-node=\"0\">FPP P RAL<\/b><\/span><\/td>\n<td><span data-path-to-node=\"2,12,1,0\">Fio PP 0,50 &#8211; ROLO 100 Mts &#8211; Preto &#8211; Com alma<\/span><\/td>\n<td><span data-path-to-node=\"2,12,2,0\">Unit\u00e1rio<\/span><\/td>\n<td><span data-path-to-node=\"2,12,3,0\">85 44 42 00<\/span><\/td>\n<td><span data-path-to-node=\"2,12,4,0\">7898112193856<\/span><\/td>\n<\/tr>\n<tr>\n<td><span data-path-to-node=\"2,13,0,0\"><b data-path-to-node=\"2,13,0,0\" data-index-in-node=\"0\">FPP L<\/b><\/span><\/td>\n<td><span data-path-to-node=\"2,13,1,0\">Fio PP 0,50 &#8211; 3,0 M &#8211; Laranja s\/alma<\/span><\/td>\n<td><span data-path-to-node=\"2,13,2,0\">Unit\u00e1rio<\/span><\/td>\n<td><span data-path-to-node=\"2,13,3,0\">85 44 42 00<\/span><\/td>\n<td><span data-path-to-node=\"2,13,4,0\">7898112193290<\/span><\/td>\n<\/tr>\n<tr>\n<td><span data-path-to-node=\"2,14,0,0\"><b data-path-to-node=\"2,14,0,0\" data-index-in-node=\"0\">FPP L5<\/b><\/span><\/td>\n<td><span data-path-to-node=\"2,14,1,0\">Fio PP 0,50 &#8211; 5,0 M &#8211; Laranja s\/alma<\/span><\/td>\n<td><span data-path-to-node=\"2,14,2,0\">Unit\u00e1rio<\/span><\/td>\n<td><span data-path-to-node=\"2,14,3,0\">85 44 42 00<\/span><\/td>\n<td><span data-path-to-node=\"2,14,4,0\">7898112193481<\/span><\/td>\n<\/tr>\n<tr>\n<td><span data-path-to-node=\"2,15,0,0\"><b data-path-to-node=\"2,15,0,0\" data-index-in-node=\"0\">FPP L RL<\/b><\/span><\/td>\n<td><span data-path-to-node=\"2,15,1,0\">Fio PP 0,50 &#8211; ROLO 100 Mts &#8211; Laranja<\/span><\/td>\n<td><span data-path-to-node=\"2,15,2,0\">Unit\u00e1rio<\/span><\/td>\n<td><span data-path-to-node=\"2,15,3,0\">85 44 42 00<\/span><\/td>\n<td><span data-path-to-node=\"2,15,4,0\">7898112193344<\/span><\/td>\n<\/tr>\n<tr>\n<td><span data-path-to-node=\"2,16,0,0\"><b data-path-to-node=\"2,16,0,0\" data-index-in-node=\"0\">FPP Am<\/b><\/span><\/td>\n<td><span data-path-to-node=\"2,16,1,0\">Fio PP 0,50 &#8211; 3,0 M &#8211; Amarelo s\/alma<\/span><\/td>\n<td><span data-path-to-node=\"2,16,2,0\">Unit\u00e1rio<\/span><\/td>\n<td><span data-path-to-node=\"2,16,3,0\">85 44 42 00<\/span><\/td>\n<td><span data-path-to-node=\"2,16,4,0\">7898112193306<\/span><\/td>\n<\/tr>\n<tr>\n<td><span data-path-to-node=\"2,17,0,0\"><b data-path-to-node=\"2,17,0,0\" data-index-in-node=\"0\">FPP Am5<\/b><\/span><\/td>\n<td><span data-path-to-node=\"2,17,1,0\">Fio PP 0,50 &#8211; 5,0 M &#8211; Amarelo s\/alma<\/span><\/td>\n<td><span data-path-to-node=\"2,17,2,0\">Unit\u00e1rio<\/span><\/td>\n<td><span data-path-to-node=\"2,17,3,0\">85 44 42 00<\/span><\/td>\n<td><span data-path-to-node=\"2,17,4,0\">7898112193467<\/span><\/td>\n<\/tr>\n<tr>\n<td><span data-path-to-node=\"2,18,0,0\"><b data-path-to-node=\"2,18,0,0\" data-index-in-node=\"0\">FPP Am RL<\/b><\/span><\/td>\n<td><span data-path-to-node=\"2,18,1,0\">Fio PP 0,50 &#8211; ROLO 100 Mts &#8211; Amarelo<\/span><\/td>\n<td><span data-path-to-node=\"2,18,2,0\">Unit\u00e1rio<\/span><\/td>\n<td><span data-path-to-node=\"2,18,3,0\">85 44 42 00<\/span><\/td>\n<td><span data-path-to-node=\"2,18,4,0\">7898112193351<\/span><\/td>\n<\/tr>\n<tr>\n<td><span data-path-to-node=\"2,19,0,0\"><b data-path-to-node=\"2,19,0,0\" data-index-in-node=\"0\">FPP Vd<\/b><\/span><\/td>\n<td><span data-path-to-node=\"2,19,1,0\">Fio PP 0,50 &#8211; 3,0 M &#8211; Verde s\/alma<\/span><\/td>\n<td><span data-path-to-node=\"2,19,2,0\">Unit\u00e1rio<\/span><\/td>\n<td><span data-path-to-node=\"2,19,3,0\">85 44 42 00<\/span><\/td>\n<td><span data-path-to-node=\"2,19,4,0\">7898112193313<\/span><\/td>\n<\/tr>\n<tr>\n<td><span data-path-to-node=\"2,20,0,0\"><b data-path-to-node=\"2,20,0,0\" data-index-in-node=\"0\">FPP Vd5<\/b><\/span><\/td>\n<td><span data-path-to-node=\"2,20,1,0\">Fio PP 0,50 &#8211; 5,0 M &#8211; Verde s\/alma<\/span><\/td>\n<td><span data-path-to-node=\"2,20,2,0\">Unit\u00e1rio<\/span><\/td>\n<td><span data-path-to-node=\"2,20,3,0\">85 44 42 00<\/span><\/td>\n<td><span data-path-to-node=\"2,20,4,0\">7898112193634<\/span><\/td>\n<\/tr>\n<tr>\n<td><span data-path-to-node=\"2,21,0,0\"><b data-path-to-node=\"2,21,0,0\" data-index-in-node=\"0\">FPP Vd RL<\/b><\/span><\/td>\n<td><span data-path-to-node=\"2,21,1,0\">Fio PP 0,50 &#8211; ROLO 100 Mts &#8211; Verde<\/span><\/td>\n<td><span data-path-to-node=\"2,21,2,0\">Unit\u00e1rio<\/span><\/td>\n<td><span data-path-to-node=\"2,21,3,0\">85 44 42 00<\/span><\/td>\n<td><span data-path-to-node=\"2,21,4,0\">7898112193368<\/span><\/td>\n<\/tr>\n<tr>\n<td><span data-path-to-node=\"2,22,0,0\"><b data-path-to-node=\"2,22,0,0\" data-index-in-node=\"0\">FPP Az<\/b><\/span><\/td>\n<td><span data-path-to-node=\"2,22,1,0\">Fio PP 0,50 &#8211; 3,0 M &#8211; Azul s\/alma<\/span><\/td>\n<td><span data-path-to-node=\"2,22,2,0\">Unit\u00e1rio<\/span><\/td>\n<td><span data-path-to-node=\"2,22,3,0\">85 44 42 00<\/span><\/td>\n<td><span data-path-to-node=\"2,22,4,0\">7898112193320<\/span><\/td>\n<\/tr>\n<tr>\n<td><span data-path-to-node=\"2,23,0,0\"><b data-path-to-node=\"2,23,0,0\" data-index-in-node=\"0\">FPP Az5<\/b><\/span><\/td>\n<td><span data-path-to-node=\"2,23,1,0\">Fio PP 0,50 &#8211; 5,0 M &#8211; Azul s\/alma<\/span><\/td>\n<td><span data-path-to-node=\"2,23,2,0\">Unit\u00e1rio<\/span><\/td>\n<td><span data-path-to-node=\"2,23,3,0\">85 44 42 00<\/span><\/td>\n<td><span data-path-to-node=\"2,23,4,0\">7898112193498<\/span><\/td>\n<\/tr>\n<tr>\n<td><span data-path-to-node=\"2,24,0,0\"><b data-path-to-node=\"2,24,0,0\" data-index-in-node=\"0\">FPP Az RL<\/b><\/span><\/td>\n<td><span data-path-to-node=\"2,24,1,0\">Fio PP 0,50 &#8211; ROLO 100 Mts &#8211; Azul<\/span><\/td>\n<td><span data-path-to-node=\"2,24,2,0\">Unit\u00e1rio<\/span><\/td>\n<td><span data-path-to-node=\"2,24,3,0\">85 44 42 00<\/span><\/td>\n<td><span data-path-to-node=\"2,24,4,0\">7898112193375<\/span><\/td>\n<\/tr>\n<tr>\n<td><span data-path-to-node=\"2,25,0,0\"><b data-path-to-node=\"2,25,0,0\" data-index-in-node=\"0\">FPP Vm<\/b><\/span><\/td>\n<td><span data-path-to-node=\"2,25,1,0\">Fio PP 0,50 &#8211; 3,0 M &#8211; Vermelho s\/alma<\/span><\/td>\n<td><span data-path-to-node=\"2,25,2,0\">Unit\u00e1rio<\/span><\/td>\n<td><span data-path-to-node=\"2,25,3,0\">85 44 42 00<\/span><\/td>\n<td><span data-path-to-node=\"2,25,4,0\">7898112193337<\/span><\/td>\n<\/tr>\n<tr>\n<td><span data-path-to-node=\"2,26,0,0\"><b data-path-to-node=\"2,26,0,0\" data-index-in-node=\"0\">FPP Vm5<\/b><\/span><\/td>\n<td><span data-path-to-node=\"2,26,1,0\">Fio PP 0,50 &#8211; 5,0 M &#8211; Vermelho s\/alma<\/span><\/td>\n<td><span data-path-to-node=\"2,26,2,0\">Unit\u00e1rio<\/span><\/td>\n<td><span data-path-to-node=\"2,26,3,0\">85 44 42 00<\/span><\/td>\n<td><span data-path-to-node=\"2,26,4,0\">7898112193450<\/span><\/td>\n<\/tr>\n<tr>\n<td><span data-path-to-node=\"2,27,0,0\"><b data-path-to-node=\"2,27,0,0\" data-index-in-node=\"0\">FPP Vm RL<\/b><\/span><\/td>\n<td><span data-path-to-node=\"2,27,1,0\">Fio PP 0,50 &#8211; ROLO 100 Mts &#8211; Vermelho<\/span><\/td>\n<td><span data-path-to-node=\"2,27,2,0\">Unit\u00e1rio<\/span><\/td>\n<td><span data-path-to-node=\"2,27,3,0\">85 44 42 00<\/span><\/td>\n<td><span data-path-to-node=\"2,27,4,0\">7898112193382<\/span><\/td>\n<\/tr>\n<\/tbody>\n<\/table>\n","protected":false},"excerpt":{"rendered":"<p>FIO PP 0,5 C\u00f3digo Descri\u00e7\u00e3o do Produto Tipo NCM C\u00f3digo de Barras FPP C Fio PP 0,50 &#8211; 3,0 M &#8211; Cristal s\/alma Unit\u00e1rio 85 44 42 00 7898112191296 FPP C5 Fio PP 0,50 &#8211; 5,0 M &#8211; Cristal s\/alma Unit\u00e1rio 85 44 42 00 7898112190756 FPP C RL Fio PP 0,50 &#8211; ROLO 100 [&hellip;]<\/p>\n","protected":false},"featured_media":4733,"template":"","meta":[],"product_brand":[],"product_cat":[325,15],"product_tag":[429,144,430,427,428,431],"class_list":{"0":"post-4732","1":"product","2":"type-product","3":"status-publish","4":"has-post-thumbnail","6":"product_cat-fios","7":"product_cat-marcai","8":"product_tag-429","9":"product_tag-fio","10":"product_tag-fio-marcai","11":"product_tag-fio-pp","12":"product_tag-fio-pp-0","13":"product_tag-fio-pp-marcai","15":"first","16":"instock","17":"shipping-taxable","18":"product-type-simple"},"_links":{"self":[{"href":"https:\/\/marcai.com.br\/catalogo\/wp-json\/wp\/v2\/product\/4732","targetHints":{"allow":["GET"]}}],"collection":[{"href":"https:\/\/marcai.com.br\/catalogo\/wp-json\/wp\/v2\/product"}],"about":[{"href":"https:\/\/marcai.com.br\/catalogo\/wp-json\/wp\/v2\/types\/product"}],"wp:featuredmedia":[{"embeddable":true,"href":"https:\/\/marcai.com.br\/catalogo\/wp-json\/wp\/v2\/media\/4733"}],"wp:attachment":[{"href":"https:\/\/marcai.com.br\/catalogo\/wp-json\/wp\/v2\/media?parent=4732"}],"wp:term":[{"taxonomy":"product_brand","embeddable":true,"href":"https:\/\/marcai.com.br\/catalogo\/wp-json\/wp\/v2\/product_brand?post=4732"},{"taxonomy":"product_cat","embeddable":true,"href":"https:\/\/marcai.com.br\/catalogo\/wp-json\/wp\/v2\/product_cat?post=4732"},{"taxonomy":"product_tag","embeddable":true,"href":"https:\/\/marcai.com.br\/catalogo\/wp-json\/wp\/v2\/product_tag?post=4732"}],"curies":[{"name":"wp","href":"https:\/\/api.w.org\/{rel}","templated":true}]}}